{"id":1687,"date":"2022-06-06T01:55:23","date_gmt":"2022-06-05T22:55:23","guid":{"rendered":"http:\/\/garantiwebtasarim.com\/wordpress\/nightbird\/?page_id=1687"},"modified":"2025-02-12T22:17:29","modified_gmt":"2025-02-12T21:17:29","slug":"mariage","status":"publish","type":"page","link":"https:\/\/imagineconcept.fr\/w2024\/mariage\/","title":{"rendered":"Mariage"},"content":{"rendered":"","protected":false},"excerpt":{"rendered":"","protected":false},"author":1,"featured_media":3391,"parent":0,"menu_order":0,"comment_status":"closed","ping_status":"closed","template":"template-services.php","meta":{"footnotes":""},"class_list":["post-1687","page","type-page","status-publish","has-post-thumbnail","hentry"],"acf":[],"yoast_head":"<!-- This site is optimized with the Yoast SEO plugin v27.4 - https:\/\/yoast.com\/product\/yoast-seo-wordpress\/ -->\n<title>Mariage - Imagine Concept Sonorisation - Mariages, S\u00e9minaires, Anniversaires, Animations<\/title>\n<meta name=\"robots\" content=\"index, follow, max-snippet:-1, max-image-preview:large, max-video-preview:-1\" \/>\n<link rel=\"canonical\" href=\"https:\/\/imagineconcept.fr\/w2024\/mariage\/\" \/>\n<meta property=\"og:locale\" content=\"fr_FR\" \/>\n<meta property=\"og:type\" content=\"article\" \/>\n<meta property=\"og:title\" content=\"Mariage - Imagine Concept Sonorisation - Mariages, S\u00e9minaires, Anniversaires, Animations\" \/>\n<meta property=\"og:url\" content=\"https:\/\/imagineconcept.fr\/w2024\/mariage\/\" \/>\n<meta property=\"og:site_name\" content=\"Imagine Concept Sonorisation - Mariages, S\u00e9minaires, Anniversaires, Animations\" \/>\n<meta property=\"article:modified_time\" content=\"2025-02-12T21:17:29+00:00\" \/>\n<meta property=\"og:image\" content=\"https:\/\/imagineconcept.fr\/wp-content\/uploads\/2024\/12\/79315063.jpg\" \/>\n\t<meta property=\"og:image:width\" content=\"1920\" \/>\n\t<meta property=\"og:image:height\" content=\"1280\" \/>\n\t<meta property=\"og:image:type\" content=\"image\/jpeg\" \/>\n<meta name=\"twitter:card\" content=\"summary_large_image\" \/>\n<script type=\"application\/ld+json\" class=\"yoast-schema-graph\">{\"@context\":\"https:\\\/\\\/schema.org\",\"@graph\":[{\"@type\":\"WebPage\",\"@id\":\"https:\\\/\\\/imagineconcept.fr\\\/w2024\\\/mariage\\\/\",\"url\":\"https:\\\/\\\/imagineconcept.fr\\\/w2024\\\/mariage\\\/\",\"name\":\"Mariage - Imagine Concept Sonorisation - Mariages, S\u00e9minaires, Anniversaires, Animations\",\"isPartOf\":{\"@id\":\"https:\\\/\\\/imagineconcept.fr\\\/w2024\\\/#website\"},\"primaryImageOfPage\":{\"@id\":\"https:\\\/\\\/imagineconcept.fr\\\/w2024\\\/mariage\\\/#primaryimage\"},\"image\":{\"@id\":\"https:\\\/\\\/imagineconcept.fr\\\/w2024\\\/mariage\\\/#primaryimage\"},\"thumbnailUrl\":\"https:\\\/\\\/imagineconcept.fr\\\/wp-content\\\/uploads\\\/2024\\\/12\\\/79315063.jpg\",\"datePublished\":\"2022-06-05T22:55:23+00:00\",\"dateModified\":\"2025-02-12T21:17:29+00:00\",\"breadcrumb\":{\"@id\":\"https:\\\/\\\/imagineconcept.fr\\\/w2024\\\/mariage\\\/#breadcrumb\"},\"inLanguage\":\"fr-FR\",\"potentialAction\":[{\"@type\":\"ReadAction\",\"target\":[\"https:\\\/\\\/imagineconcept.fr\\\/w2024\\\/mariage\\\/\"]}]},{\"@type\":\"ImageObject\",\"inLanguage\":\"fr-FR\",\"@id\":\"https:\\\/\\\/imagineconcept.fr\\\/w2024\\\/mariage\\\/#primaryimage\",\"url\":\"https:\\\/\\\/imagineconcept.fr\\\/wp-content\\\/uploads\\\/2024\\\/12\\\/79315063.jpg\",\"contentUrl\":\"https:\\\/\\\/imagineconcept.fr\\\/wp-content\\\/uploads\\\/2024\\\/12\\\/79315063.jpg\",\"width\":1920,\"height\":1280},{\"@type\":\"BreadcrumbList\",\"@id\":\"https:\\\/\\\/imagineconcept.fr\\\/w2024\\\/mariage\\\/#breadcrumb\",\"itemListElement\":[{\"@type\":\"ListItem\",\"position\":1,\"name\":\"Home\",\"item\":\"https:\\\/\\\/imagineconcept.fr\\\/w2024\\\/\"},{\"@type\":\"ListItem\",\"position\":2,\"name\":\"Mariage\"}]},{\"@type\":\"WebSite\",\"@id\":\"https:\\\/\\\/imagineconcept.fr\\\/w2024\\\/#website\",\"url\":\"https:\\\/\\\/imagineconcept.fr\\\/w2024\\\/\",\"name\":\"Imagine Concept Sonorisation - Mariages, S\u00e9minaires, Anniversaires, Animations\",\"description\":\"Embellisseur de votre \u00e9v\u00e8nement festif\",\"potentialAction\":[{\"@type\":\"SearchAction\",\"target\":{\"@type\":\"EntryPoint\",\"urlTemplate\":\"https:\\\/\\\/imagineconcept.fr\\\/w2024\\\/?s={search_term_string}\"},\"query-input\":{\"@type\":\"PropertyValueSpecification\",\"valueRequired\":true,\"valueName\":\"search_term_string\"}}],\"inLanguage\":\"fr-FR\"}]}<\/script>\n<!-- \/ Yoast SEO plugin. -->","yoast_head_json":{"title":"Mariage - Imagine Concept Sonorisation - Mariages, S\u00e9minaires, Anniversaires, Animations","robots":{"index":"index","follow":"follow","max-snippet":"max-snippet:-1","max-image-preview":"max-image-preview:large","max-video-preview":"max-video-preview:-1"},"canonical":"https:\/\/imagineconcept.fr\/w2024\/mariage\/","og_locale":"fr_FR","og_type":"article","og_title":"Mariage - Imagine Concept Sonorisation - Mariages, S\u00e9minaires, Anniversaires, Animations","og_url":"https:\/\/imagineconcept.fr\/w2024\/mariage\/","og_site_name":"Imagine Concept Sonorisation - Mariages, S\u00e9minaires, Anniversaires, Animations","article_modified_time":"2025-02-12T21:17:29+00:00","og_image":[{"width":1920,"height":1280,"url":"https:\/\/imagineconcept.fr\/wp-content\/uploads\/2024\/12\/79315063.jpg","type":"image\/jpeg"}],"twitter_card":"summary_large_image","schema":{"@context":"https:\/\/schema.org","@graph":[{"@type":"WebPage","@id":"https:\/\/imagineconcept.fr\/w2024\/mariage\/","url":"https:\/\/imagineconcept.fr\/w2024\/mariage\/","name":"Mariage - Imagine Concept Sonorisation - Mariages, S\u00e9minaires, Anniversaires, Animations","isPartOf":{"@id":"https:\/\/imagineconcept.fr\/w2024\/#website"},"primaryImageOfPage":{"@id":"https:\/\/imagineconcept.fr\/w2024\/mariage\/#primaryimage"},"image":{"@id":"https:\/\/imagineconcept.fr\/w2024\/mariage\/#primaryimage"},"thumbnailUrl":"https:\/\/imagineconcept.fr\/wp-content\/uploads\/2024\/12\/79315063.jpg","datePublished":"2022-06-05T22:55:23+00:00","dateModified":"2025-02-12T21:17:29+00:00","breadcrumb":{"@id":"https:\/\/imagineconcept.fr\/w2024\/mariage\/#breadcrumb"},"inLanguage":"fr-FR","potentialAction":[{"@type":"ReadAction","target":["https:\/\/imagineconcept.fr\/w2024\/mariage\/"]}]},{"@type":"ImageObject","inLanguage":"fr-FR","@id":"https:\/\/imagineconcept.fr\/w2024\/mariage\/#primaryimage","url":"https:\/\/imagineconcept.fr\/wp-content\/uploads\/2024\/12\/79315063.jpg","contentUrl":"https:\/\/imagineconcept.fr\/wp-content\/uploads\/2024\/12\/79315063.jpg","width":1920,"height":1280},{"@type":"BreadcrumbList","@id":"https:\/\/imagineconcept.fr\/w2024\/mariage\/#breadcrumb","itemListElement":[{"@type":"ListItem","position":1,"name":"Home","item":"https:\/\/imagineconcept.fr\/w2024\/"},{"@type":"ListItem","position":2,"name":"Mariage"}]},{"@type":"WebSite","@id":"https:\/\/imagineconcept.fr\/w2024\/#website","url":"https:\/\/imagineconcept.fr\/w2024\/","name":"Imagine Concept Sonorisation - Mariages, S\u00e9minaires, Anniversaires, Animations","description":"Embellisseur de votre \u00e9v\u00e8nement festif","potentialAction":[{"@type":"SearchAction","target":{"@type":"EntryPoint","urlTemplate":"https:\/\/imagineconcept.fr\/w2024\/?s={search_term_string}"},"query-input":{"@type":"PropertyValueSpecification","valueRequired":true,"valueName":"search_term_string"}}],"inLanguage":"fr-FR"}]}},"_links":{"self":[{"href":"https:\/\/imagineconcept.fr\/w2024\/wp-json\/wp\/v2\/pages\/1687","targetHints":{"allow":["GET"]}}],"collection":[{"href":"https:\/\/imagineconcept.fr\/w2024\/wp-json\/wp\/v2\/pages"}],"about":[{"href":"https:\/\/imagineconcept.fr\/w2024\/wp-json\/wp\/v2\/types\/page"}],"author":[{"embeddable":true,"href":"https:\/\/imagineconcept.fr\/w2024\/wp-json\/wp\/v2\/users\/1"}],"replies":[{"embeddable":true,"href":"https:\/\/imagineconcept.fr\/w2024\/wp-json\/wp\/v2\/comments?post=1687"}],"version-history":[{"count":24,"href":"https:\/\/imagineconcept.fr\/w2024\/wp-json\/wp\/v2\/pages\/1687\/revisions"}],"predecessor-version":[{"id":3614,"href":"https:\/\/imagineconcept.fr\/w2024\/wp-json\/wp\/v2\/pages\/1687\/revisions\/3614"}],"wp:featuredmedia":[{"embeddable":true,"href":"https:\/\/imagineconcept.fr\/w2024\/wp-json\/wp\/v2\/media\/3391"}],"wp:attachment":[{"href":"https:\/\/imagineconcept.fr\/w2024\/wp-json\/wp\/v2\/media?parent=1687"}],"curies":[{"name":"wp","href":"https:\/\/api.w.org\/{rel}","templated":true}]}}