{"id":3154,"date":"2024-11-25T22:32:19","date_gmt":"2024-11-25T21:32:19","guid":{"rendered":"http:\/\/imagineconcept.net\/w2024\/?page_id=3154"},"modified":"2026-04-29T22:09:10","modified_gmt":"2026-04-29T20:09:10","slug":"cottage-de-clairefontaine-38-chonas-lamballan","status":"publish","type":"page","link":"https:\/\/imagineconcept.fr\/w2024\/cottage-de-clairefontaine-38-chonas-lamballan\/","title":{"rendered":"Cottage de Clairefontaine &#8211; 38 &#8211; Chonas l&rsquo;Amballan"},"content":{"rendered":"<p>&nbsp;<\/p>\n<p>Le Cottage de Clairefontaine est un excellent choix pour organiser votre \u00e9v\u00e9nement.<\/p>\n<p>&nbsp;<\/p>\n<p><strong>Cadre charmant et \u00e9l\u00e9gant<\/strong> :<br \/>\nSitu\u00e9 dans un quartier r\u00e9sidentiel paisible, le Cottage de Clairefontaine offre un d\u00e9cor contemporain et \u00e9l\u00e9gant, parfait pour cr\u00e9er une ambiance m\u00e9morable.<\/p>\n<p><strong>Espaces polyvalents<\/strong> :<br \/>\nLe Cottage dispose de salles de r\u00e9union et de banquet, id\u00e9ales pour accueillir divers types d&rsquo;\u00e9v\u00e9nements, qu&rsquo;il s&rsquo;agisse de r\u00e9unions professionnelles, de mariages ou de f\u00eates familiales.<\/p>\n<p><strong>H\u00e9bergement confortable<\/strong> :<br \/>\nH\u00f4tel 3 \u00e9toiles, enti\u00e8rement r\u00e9nov\u00e9, le Cottage propose des chambres et des appartements modernes avec toutes les commodit\u00e9s n\u00e9cessaires.<\/p>\n<p><strong>Services complets<\/strong> :<br \/>\nEn plus de l&rsquo;h\u00e9bergement, le Cottage offre des services de restauration avec un bistrot gastronomique proposant une cuisine traditionnelle, ainsi que des options de petit-d\u00e9jeuner buffet.<\/p>\n<p><strong>Accessibilit\u00e9<\/strong> :<br \/>\nLe Cottage est facilement accessible, situ\u00e9 \u00e0 seulement 10 km de la gare de Vienne et \u00e0 56 km de l&rsquo;a\u00e9roport de Lyon, avec un parking priv\u00e9 gratuit disponible sur place.<\/p>\n<p>&nbsp;<\/p>\n<p>En choisissant le Cottage de Clairefontaine, vous b\u00e9n\u00e9ficiez d&rsquo;un cadre \u00e9l\u00e9gant et confortable, de services complets et d&rsquo;une accessibilit\u00e9 pratique, ce qui en fait un lieu id\u00e9al pour votre \u00e9v\u00e9nement.<\/p>\n<p><span style=\"color: #000000;\"><a style=\"color: #000000;\" href=\"https:\/\/domaine-de-clairefontaine.fr\/fr\/le-cottage\/le-cottage-hotel.html\">https:\/\/domaine-de-clairefontaine.fr\/fr\/le-cottage\/le-cottage-hotel.html<\/a><\/span><\/p>\n<p style=\"text-align: center;\"><a class=\"fasc-button fasc-size-medium fasc-type-glossy fasc-rounded-medium fasc-style-bold\" style=\"background-color: #f01d72; color: #ffffff;\" href=\"https:\/\/domaine-de-clairefontaine.fr\/fr\/le-cottage\/le-cottage-hotel.html\">D\u00e9couvrez le Cottage de Clairefontaine en cliquant ici<\/a><\/p>\n","protected":false},"excerpt":{"rendered":"<p>&nbsp; Le Cottage de Clairefontaine est un excellent choix pour [&hellip;]<\/p>\n","protected":false},"author":1,"featured_media":0,"parent":0,"menu_order":0,"comment_status":"closed","ping_status":"closed","template":"","meta":{"footnotes":""},"class_list":["post-3154","page","type-page","status-publish","hentry"],"acf":[],"yoast_head":"<!-- This site is optimized with the Yoast SEO plugin v27.4 - https:\/\/yoast.com\/product\/yoast-seo-wordpress\/ -->\n<title>Cottage de Clairefontaine - 38 - Chonas l&#039;Amballan - Imagine Concept Sonorisation - Mariages, S\u00e9minaires, Anniversaires, Animations<\/title>\n<meta name=\"description\" content=\"DJ professionnel au Cottage de Clairefontaine (38). Animation, sonorisation et ambiance sur\u2011mesure pour votre mariage ou \u00e9v\u00e9nement. Demandez votre devis. Imagine Concept Sonorisation.\" \/>\n<meta name=\"robots\" content=\"index, follow, max-snippet:-1, max-image-preview:large, max-video-preview:-1\" \/>\n<link rel=\"canonical\" href=\"https:\/\/imagineconcept.fr\/w2024\/cottage-de-clairefontaine-38-chonas-lamballan\/\" \/>\n<meta property=\"og:locale\" content=\"fr_FR\" \/>\n<meta property=\"og:type\" content=\"article\" \/>\n<meta property=\"og:title\" content=\"Cottage de Clairefontaine - 38 - Chonas l&#039;Amballan - Imagine Concept Sonorisation - Mariages, S\u00e9minaires, Anniversaires, Animations\" \/>\n<meta property=\"og:description\" content=\"DJ professionnel au Cottage de Clairefontaine (38). Animation, sonorisation et ambiance sur\u2011mesure pour votre mariage ou \u00e9v\u00e9nement. Demandez votre devis. Imagine Concept Sonorisation.\" \/>\n<meta property=\"og:url\" content=\"https:\/\/imagineconcept.fr\/w2024\/cottage-de-clairefontaine-38-chonas-lamballan\/\" \/>\n<meta property=\"og:site_name\" content=\"Imagine Concept Sonorisation - Mariages, S\u00e9minaires, Anniversaires, Animations\" \/>\n<meta property=\"article:modified_time\" content=\"2026-04-29T20:09:10+00:00\" \/>\n<meta name=\"twitter:card\" content=\"summary_large_image\" \/>\n<meta name=\"twitter:label1\" content=\"Est. reading time\" \/>\n\t<meta name=\"twitter:data1\" content=\"1 minute\" \/>\n<script type=\"application\/ld+json\" class=\"yoast-schema-graph\">{\"@context\":\"https:\\\/\\\/schema.org\",\"@graph\":[{\"@type\":\"WebPage\",\"@id\":\"https:\\\/\\\/imagineconcept.fr\\\/w2024\\\/cottage-de-clairefontaine-38-chonas-lamballan\\\/\",\"url\":\"https:\\\/\\\/imagineconcept.fr\\\/w2024\\\/cottage-de-clairefontaine-38-chonas-lamballan\\\/\",\"name\":\"Cottage de Clairefontaine - 38 - Chonas l'Amballan - Imagine Concept Sonorisation - Mariages, S\u00e9minaires, Anniversaires, Animations\",\"isPartOf\":{\"@id\":\"https:\\\/\\\/imagineconcept.fr\\\/w2024\\\/#website\"},\"datePublished\":\"2024-11-25T21:32:19+00:00\",\"dateModified\":\"2026-04-29T20:09:10+00:00\",\"description\":\"DJ professionnel au Cottage de Clairefontaine (38). Animation, sonorisation et ambiance sur\u2011mesure pour votre mariage ou \u00e9v\u00e9nement. Demandez votre devis. Imagine Concept Sonorisation.\",\"breadcrumb\":{\"@id\":\"https:\\\/\\\/imagineconcept.fr\\\/w2024\\\/cottage-de-clairefontaine-38-chonas-lamballan\\\/#breadcrumb\"},\"inLanguage\":\"fr-FR\",\"potentialAction\":[{\"@type\":\"ReadAction\",\"target\":[\"https:\\\/\\\/imagineconcept.fr\\\/w2024\\\/cottage-de-clairefontaine-38-chonas-lamballan\\\/\"]}]},{\"@type\":\"BreadcrumbList\",\"@id\":\"https:\\\/\\\/imagineconcept.fr\\\/w2024\\\/cottage-de-clairefontaine-38-chonas-lamballan\\\/#breadcrumb\",\"itemListElement\":[{\"@type\":\"ListItem\",\"position\":1,\"name\":\"Home\",\"item\":\"https:\\\/\\\/imagineconcept.fr\\\/w2024\\\/\"},{\"@type\":\"ListItem\",\"position\":2,\"name\":\"Cottage de Clairefontaine &#8211; 38 &#8211; Chonas l&rsquo;Amballan\"}]},{\"@type\":\"WebSite\",\"@id\":\"https:\\\/\\\/imagineconcept.fr\\\/w2024\\\/#website\",\"url\":\"https:\\\/\\\/imagineconcept.fr\\\/w2024\\\/\",\"name\":\"Imagine Concept Sonorisation - Mariages, S\u00e9minaires, Anniversaires, Animations\",\"description\":\"Embellisseur de votre \u00e9v\u00e8nement festif\",\"potentialAction\":[{\"@type\":\"SearchAction\",\"target\":{\"@type\":\"EntryPoint\",\"urlTemplate\":\"https:\\\/\\\/imagineconcept.fr\\\/w2024\\\/?s={search_term_string}\"},\"query-input\":{\"@type\":\"PropertyValueSpecification\",\"valueRequired\":true,\"valueName\":\"search_term_string\"}}],\"inLanguage\":\"fr-FR\"}]}<\/script>\n<!-- \/ Yoast SEO plugin. -->","yoast_head_json":{"title":"Cottage de Clairefontaine - 38 - Chonas l'Amballan - Imagine Concept Sonorisation - Mariages, S\u00e9minaires, Anniversaires, Animations","description":"DJ professionnel au Cottage de Clairefontaine (38). Animation, sonorisation et ambiance sur\u2011mesure pour votre mariage ou \u00e9v\u00e9nement. Demandez votre devis. Imagine Concept Sonorisation.","robots":{"index":"index","follow":"follow","max-snippet":"max-snippet:-1","max-image-preview":"max-image-preview:large","max-video-preview":"max-video-preview:-1"},"canonical":"https:\/\/imagineconcept.fr\/w2024\/cottage-de-clairefontaine-38-chonas-lamballan\/","og_locale":"fr_FR","og_type":"article","og_title":"Cottage de Clairefontaine - 38 - Chonas l'Amballan - Imagine Concept Sonorisation - Mariages, S\u00e9minaires, Anniversaires, Animations","og_description":"DJ professionnel au Cottage de Clairefontaine (38). Animation, sonorisation et ambiance sur\u2011mesure pour votre mariage ou \u00e9v\u00e9nement. Demandez votre devis. Imagine Concept Sonorisation.","og_url":"https:\/\/imagineconcept.fr\/w2024\/cottage-de-clairefontaine-38-chonas-lamballan\/","og_site_name":"Imagine Concept Sonorisation - Mariages, S\u00e9minaires, Anniversaires, Animations","article_modified_time":"2026-04-29T20:09:10+00:00","twitter_card":"summary_large_image","twitter_misc":{"Est. reading time":"1 minute"},"schema":{"@context":"https:\/\/schema.org","@graph":[{"@type":"WebPage","@id":"https:\/\/imagineconcept.fr\/w2024\/cottage-de-clairefontaine-38-chonas-lamballan\/","url":"https:\/\/imagineconcept.fr\/w2024\/cottage-de-clairefontaine-38-chonas-lamballan\/","name":"Cottage de Clairefontaine - 38 - Chonas l'Amballan - Imagine Concept Sonorisation - Mariages, S\u00e9minaires, Anniversaires, Animations","isPartOf":{"@id":"https:\/\/imagineconcept.fr\/w2024\/#website"},"datePublished":"2024-11-25T21:32:19+00:00","dateModified":"2026-04-29T20:09:10+00:00","description":"DJ professionnel au Cottage de Clairefontaine (38). Animation, sonorisation et ambiance sur\u2011mesure pour votre mariage ou \u00e9v\u00e9nement. Demandez votre devis. Imagine Concept Sonorisation.","breadcrumb":{"@id":"https:\/\/imagineconcept.fr\/w2024\/cottage-de-clairefontaine-38-chonas-lamballan\/#breadcrumb"},"inLanguage":"fr-FR","potentialAction":[{"@type":"ReadAction","target":["https:\/\/imagineconcept.fr\/w2024\/cottage-de-clairefontaine-38-chonas-lamballan\/"]}]},{"@type":"BreadcrumbList","@id":"https:\/\/imagineconcept.fr\/w2024\/cottage-de-clairefontaine-38-chonas-lamballan\/#breadcrumb","itemListElement":[{"@type":"ListItem","position":1,"name":"Home","item":"https:\/\/imagineconcept.fr\/w2024\/"},{"@type":"ListItem","position":2,"name":"Cottage de Clairefontaine &#8211; 38 &#8211; Chonas l&rsquo;Amballan"}]},{"@type":"WebSite","@id":"https:\/\/imagineconcept.fr\/w2024\/#website","url":"https:\/\/imagineconcept.fr\/w2024\/","name":"Imagine Concept Sonorisation - Mariages, S\u00e9minaires, Anniversaires, Animations","description":"Embellisseur de votre \u00e9v\u00e8nement festif","potentialAction":[{"@type":"SearchAction","target":{"@type":"EntryPoint","urlTemplate":"https:\/\/imagineconcept.fr\/w2024\/?s={search_term_string}"},"query-input":{"@type":"PropertyValueSpecification","valueRequired":true,"valueName":"search_term_string"}}],"inLanguage":"fr-FR"}]}},"_links":{"self":[{"href":"https:\/\/imagineconcept.fr\/w2024\/wp-json\/wp\/v2\/pages\/3154","targetHints":{"allow":["GET"]}}],"collection":[{"href":"https:\/\/imagineconcept.fr\/w2024\/wp-json\/wp\/v2\/pages"}],"about":[{"href":"https:\/\/imagineconcept.fr\/w2024\/wp-json\/wp\/v2\/types\/page"}],"author":[{"embeddable":true,"href":"https:\/\/imagineconcept.fr\/w2024\/wp-json\/wp\/v2\/users\/1"}],"replies":[{"embeddable":true,"href":"https:\/\/imagineconcept.fr\/w2024\/wp-json\/wp\/v2\/comments?post=3154"}],"version-history":[{"count":9,"href":"https:\/\/imagineconcept.fr\/w2024\/wp-json\/wp\/v2\/pages\/3154\/revisions"}],"predecessor-version":[{"id":3702,"href":"https:\/\/imagineconcept.fr\/w2024\/wp-json\/wp\/v2\/pages\/3154\/revisions\/3702"}],"wp:attachment":[{"href":"https:\/\/imagineconcept.fr\/w2024\/wp-json\/wp\/v2\/media?parent=3154"}],"curies":[{"name":"wp","href":"https:\/\/api.w.org\/{rel}","templated":true}]}}