{"id":3229,"date":"2024-12-03T19:05:12","date_gmt":"2024-12-03T18:05:12","guid":{"rendered":"http:\/\/imagineconcept.net\/w2024\/?page_id=3229"},"modified":"2024-12-03T19:05:12","modified_gmt":"2024-12-03T18:05:12","slug":"bastide-des-hirondelles-69-saint-laurent-doingt","status":"publish","type":"page","link":"https:\/\/imagineconcept.fr\/w2024\/bastide-des-hirondelles-69-saint-laurent-doingt\/","title":{"rendered":"Bastide des Hirondelles &#8211; 69 &#8211; Saint Laurent d&rsquo;Oingt"},"content":{"rendered":"<p>La Bastide des Hirondelles est un lieu exceptionnel pour organiser votre \u00e9v\u00e9nement, et voici pourquoi :<\/p>\n<p><strong>Cadre enchanteur<\/strong> : Situ\u00e9e \u00e0 40 minutes de Lyon, cette bastide du XIXe si\u00e8cle offre un cadre magnifique avec ses pierres dor\u00e9es et son environnement bucolique. C&rsquo;est un lieu id\u00e9al pour des photos m\u00e9morables et une ambiance unique.<\/p>\n<p><strong>Espaces vari\u00e9s<\/strong> : La Bastide des Hirondelles dispose de plusieurs espaces de r\u00e9ception, y compris un ancien cuvage de 300 m\u00b2 pour les c\u00e9r\u00e9monies ou les vins d&rsquo;honneur, et une salle de 420 m\u00b2 climatis\u00e9e pouvant accueillir jusqu&rsquo;\u00e0 200 personnes assises avec une piste de danse.<\/p>\n<p><strong>Prestations compl\u00e8tes<\/strong> : L&rsquo;\u00e9quipe de la Bastide des Hirondelles s&rsquo;occupe de tout pour faire de votre \u00e9v\u00e9nement une occasion unique. Ils offrent une cuisine \u00e0 disposition pour pr\u00e9parer votre r\u00e9ception et une salle de repos pour les jeunes convives avec 8 couchages.<\/p>\n<p><strong>H\u00e9bergement sur place<\/strong> : Des chambres d&rsquo;h\u00f4tes sont disponibles \u00e0 proximit\u00e9 pour loger jusqu&rsquo;\u00e0 60 personnes, ce qui est id\u00e9al pour les invit\u00e9s venant de loin.<\/p>\n<p><strong>Flexibilit\u00e9 et Personnalisation<\/strong> : Vous pouvez privatiser enti\u00e8rement le domaine pour votre \u00e9v\u00e9nement, garantissant une exp\u00e9rience exclusive et personnalis\u00e9e. De plus, le propri\u00e9taire, Didier Daoust, avec ses 30 ans d&rsquo;exp\u00e9rience dans l&rsquo;\u00e9v\u00e9nementiel, est \u00e0 votre \u00e9coute pour vous aider \u00e0 organiser votre \u00e9v\u00e9nement selon vos go\u00fbts et votre budget.<\/p>\n<p>En choisissant la Bastide des Hirondelles, vous vous assurez une exp\u00e9rience inoubliable dans un cadre enchanteur, avec des services de haute qualit\u00e9 pour r\u00e9pondre \u00e0 tous vos besoins.<\/p>\n","protected":false},"excerpt":{"rendered":"<p>La Bastide des Hirondelles est un lieu exceptionnel pour organiser [&hellip;]<\/p>\n","protected":false},"author":1,"featured_media":0,"parent":0,"menu_order":0,"comment_status":"closed","ping_status":"closed","template":"","meta":{"footnotes":""},"class_list":["post-3229","page","type-page","status-publish","hentry"],"acf":[],"yoast_head":"<!-- This site is optimized with the Yoast SEO plugin v27.4 - https:\/\/yoast.com\/product\/yoast-seo-wordpress\/ -->\n<title>Bastide des Hirondelles - 69 - Saint Laurent d&#039;Oingt - Imagine Concept Sonorisation - Mariages, S\u00e9minaires, Anniversaires, Animations<\/title>\n<meta name=\"robots\" content=\"index, follow, max-snippet:-1, max-image-preview:large, max-video-preview:-1\" \/>\n<link rel=\"canonical\" href=\"https:\/\/imagineconcept.fr\/w2024\/bastide-des-hirondelles-69-saint-laurent-doingt\/\" \/>\n<meta property=\"og:locale\" content=\"fr_FR\" \/>\n<meta property=\"og:type\" content=\"article\" \/>\n<meta property=\"og:title\" content=\"Bastide des Hirondelles - 69 - Saint Laurent d&#039;Oingt - Imagine Concept Sonorisation - Mariages, S\u00e9minaires, Anniversaires, Animations\" \/>\n<meta property=\"og:description\" content=\"La Bastide des Hirondelles est un lieu exceptionnel pour organiser [&hellip;]\" \/>\n<meta property=\"og:url\" content=\"https:\/\/imagineconcept.fr\/w2024\/bastide-des-hirondelles-69-saint-laurent-doingt\/\" \/>\n<meta property=\"og:site_name\" content=\"Imagine Concept Sonorisation - Mariages, S\u00e9minaires, Anniversaires, Animations\" \/>\n<meta name=\"twitter:card\" content=\"summary_large_image\" \/>\n<meta name=\"twitter:label1\" content=\"Est. reading time\" \/>\n\t<meta name=\"twitter:data1\" content=\"1 minute\" \/>\n<script type=\"application\/ld+json\" class=\"yoast-schema-graph\">{\"@context\":\"https:\\\/\\\/schema.org\",\"@graph\":[{\"@type\":\"WebPage\",\"@id\":\"https:\\\/\\\/imagineconcept.fr\\\/w2024\\\/bastide-des-hirondelles-69-saint-laurent-doingt\\\/\",\"url\":\"https:\\\/\\\/imagineconcept.fr\\\/w2024\\\/bastide-des-hirondelles-69-saint-laurent-doingt\\\/\",\"name\":\"Bastide des Hirondelles - 69 - Saint Laurent d'Oingt - Imagine Concept Sonorisation - Mariages, S\u00e9minaires, Anniversaires, Animations\",\"isPartOf\":{\"@id\":\"https:\\\/\\\/imagineconcept.fr\\\/w2024\\\/#website\"},\"datePublished\":\"2024-12-03T18:05:12+00:00\",\"breadcrumb\":{\"@id\":\"https:\\\/\\\/imagineconcept.fr\\\/w2024\\\/bastide-des-hirondelles-69-saint-laurent-doingt\\\/#breadcrumb\"},\"inLanguage\":\"fr-FR\",\"potentialAction\":[{\"@type\":\"ReadAction\",\"target\":[\"https:\\\/\\\/imagineconcept.fr\\\/w2024\\\/bastide-des-hirondelles-69-saint-laurent-doingt\\\/\"]}]},{\"@type\":\"BreadcrumbList\",\"@id\":\"https:\\\/\\\/imagineconcept.fr\\\/w2024\\\/bastide-des-hirondelles-69-saint-laurent-doingt\\\/#breadcrumb\",\"itemListElement\":[{\"@type\":\"ListItem\",\"position\":1,\"name\":\"Home\",\"item\":\"https:\\\/\\\/imagineconcept.fr\\\/w2024\\\/\"},{\"@type\":\"ListItem\",\"position\":2,\"name\":\"Bastide des Hirondelles &#8211; 69 &#8211; Saint Laurent d&rsquo;Oingt\"}]},{\"@type\":\"WebSite\",\"@id\":\"https:\\\/\\\/imagineconcept.fr\\\/w2024\\\/#website\",\"url\":\"https:\\\/\\\/imagineconcept.fr\\\/w2024\\\/\",\"name\":\"Imagine Concept Sonorisation - Mariages, S\u00e9minaires, Anniversaires, Animations\",\"description\":\"Embellisseur de votre \u00e9v\u00e8nement festif\",\"potentialAction\":[{\"@type\":\"SearchAction\",\"target\":{\"@type\":\"EntryPoint\",\"urlTemplate\":\"https:\\\/\\\/imagineconcept.fr\\\/w2024\\\/?s={search_term_string}\"},\"query-input\":{\"@type\":\"PropertyValueSpecification\",\"valueRequired\":true,\"valueName\":\"search_term_string\"}}],\"inLanguage\":\"fr-FR\"}]}<\/script>\n<!-- \/ Yoast SEO plugin. -->","yoast_head_json":{"title":"Bastide des Hirondelles - 69 - Saint Laurent d'Oingt - Imagine Concept Sonorisation - Mariages, S\u00e9minaires, Anniversaires, Animations","robots":{"index":"index","follow":"follow","max-snippet":"max-snippet:-1","max-image-preview":"max-image-preview:large","max-video-preview":"max-video-preview:-1"},"canonical":"https:\/\/imagineconcept.fr\/w2024\/bastide-des-hirondelles-69-saint-laurent-doingt\/","og_locale":"fr_FR","og_type":"article","og_title":"Bastide des Hirondelles - 69 - Saint Laurent d'Oingt - Imagine Concept Sonorisation - Mariages, S\u00e9minaires, Anniversaires, Animations","og_description":"La Bastide des Hirondelles est un lieu exceptionnel pour organiser [&hellip;]","og_url":"https:\/\/imagineconcept.fr\/w2024\/bastide-des-hirondelles-69-saint-laurent-doingt\/","og_site_name":"Imagine Concept Sonorisation - Mariages, S\u00e9minaires, Anniversaires, Animations","twitter_card":"summary_large_image","twitter_misc":{"Est. reading time":"1 minute"},"schema":{"@context":"https:\/\/schema.org","@graph":[{"@type":"WebPage","@id":"https:\/\/imagineconcept.fr\/w2024\/bastide-des-hirondelles-69-saint-laurent-doingt\/","url":"https:\/\/imagineconcept.fr\/w2024\/bastide-des-hirondelles-69-saint-laurent-doingt\/","name":"Bastide des Hirondelles - 69 - Saint Laurent d'Oingt - Imagine Concept Sonorisation - Mariages, S\u00e9minaires, Anniversaires, Animations","isPartOf":{"@id":"https:\/\/imagineconcept.fr\/w2024\/#website"},"datePublished":"2024-12-03T18:05:12+00:00","breadcrumb":{"@id":"https:\/\/imagineconcept.fr\/w2024\/bastide-des-hirondelles-69-saint-laurent-doingt\/#breadcrumb"},"inLanguage":"fr-FR","potentialAction":[{"@type":"ReadAction","target":["https:\/\/imagineconcept.fr\/w2024\/bastide-des-hirondelles-69-saint-laurent-doingt\/"]}]},{"@type":"BreadcrumbList","@id":"https:\/\/imagineconcept.fr\/w2024\/bastide-des-hirondelles-69-saint-laurent-doingt\/#breadcrumb","itemListElement":[{"@type":"ListItem","position":1,"name":"Home","item":"https:\/\/imagineconcept.fr\/w2024\/"},{"@type":"ListItem","position":2,"name":"Bastide des Hirondelles &#8211; 69 &#8211; Saint Laurent d&rsquo;Oingt"}]},{"@type":"WebSite","@id":"https:\/\/imagineconcept.fr\/w2024\/#website","url":"https:\/\/imagineconcept.fr\/w2024\/","name":"Imagine Concept Sonorisation - Mariages, S\u00e9minaires, Anniversaires, Animations","description":"Embellisseur de votre \u00e9v\u00e8nement festif","potentialAction":[{"@type":"SearchAction","target":{"@type":"EntryPoint","urlTemplate":"https:\/\/imagineconcept.fr\/w2024\/?s={search_term_string}"},"query-input":{"@type":"PropertyValueSpecification","valueRequired":true,"valueName":"search_term_string"}}],"inLanguage":"fr-FR"}]}},"_links":{"self":[{"href":"https:\/\/imagineconcept.fr\/w2024\/wp-json\/wp\/v2\/pages\/3229","targetHints":{"allow":["GET"]}}],"collection":[{"href":"https:\/\/imagineconcept.fr\/w2024\/wp-json\/wp\/v2\/pages"}],"about":[{"href":"https:\/\/imagineconcept.fr\/w2024\/wp-json\/wp\/v2\/types\/page"}],"author":[{"embeddable":true,"href":"https:\/\/imagineconcept.fr\/w2024\/wp-json\/wp\/v2\/users\/1"}],"replies":[{"embeddable":true,"href":"https:\/\/imagineconcept.fr\/w2024\/wp-json\/wp\/v2\/comments?post=3229"}],"version-history":[{"count":2,"href":"https:\/\/imagineconcept.fr\/w2024\/wp-json\/wp\/v2\/pages\/3229\/revisions"}],"predecessor-version":[{"id":3717,"href":"https:\/\/imagineconcept.fr\/w2024\/wp-json\/wp\/v2\/pages\/3229\/revisions\/3717"}],"wp:attachment":[{"href":"https:\/\/imagineconcept.fr\/w2024\/wp-json\/wp\/v2\/media?parent=3229"}],"curies":[{"name":"wp","href":"https:\/\/api.w.org\/{rel}","templated":true}]}}