{"id":4116,"date":"2026-05-10T16:02:58","date_gmt":"2026-05-10T14:02:58","guid":{"rendered":"https:\/\/imagineconcept.fr\/w2024\/?page_id=4116"},"modified":"2026-05-11T22:03:06","modified_gmt":"2026-05-11T20:03:06","slug":"%f0%9f%8c%bf-presentation-des-temoins-et-des-intervenants-en-ceremonie-laique","status":"publish","type":"page","link":"https:\/\/imagineconcept.fr\/w2024\/%f0%9f%8c%bf-presentation-des-temoins-et-des-intervenants-en-ceremonie-laique\/","title":{"rendered":"\ud83c\udf3f Pr\u00e9sentation des t\u00e9moins et des intervenants en c\u00e9r\u00e9monie la\u00efque"},"content":{"rendered":"\n<figure class=\"wp-block-table\"><table class=\"has-fixed-layout\" style=\"border-style:none;border-width:0px\"><tbody><tr><td><\/td><\/tr><tr><td>Dans une c\u00e9r\u00e9monie la\u00efque, la pr\u00e9sentation des t\u00e9moins et des intervenants est un moment important :<\/td><\/tr><tr><td>&#8211;  elle met en lumi\u00e8re <strong>les personnes cl\u00e9s<\/strong> dans la vie des mari\u00e9s ;<\/td><\/tr><tr><td>&#8211;  elle cr\u00e9e un lien entre l\u2019assembl\u00e9e et ceux qui vont prendre la parole ;<\/td><\/tr><tr><td>&#8211; elle valorise l\u2019engagement, la loyaut\u00e9, l\u2019amiti\u00e9, la famille ;<\/td><\/tr><tr><td>&#8211;  elle pr\u00e9pare l\u2019auditoire \u00e0 accueillir des paroles sinc\u00e8res, parfois \u00e9mouvantes ;<\/td><\/tr><tr><td>&#8211; elle doit rester <strong>sobre, respectueuse, inclusive<\/strong>, sans jamais voler la vedette aux mari\u00e9s.<\/td><\/tr><tr><td><\/td><\/tr><tr><td><strong>Exemple de texte pour introduire les t\u00e9moins :<\/strong><\/td><\/tr><tr><td><strong>Les t\u00e9moins occupent une place essentielle dans une union.<\/strong> <br>Ils ont souvent accompagn\u00e9 les mari\u00e9s dans la pr\u00e9paration de cette journ\u00e9e, soutenu leurs choix, partag\u00e9 leurs doutes, leurs joies et leurs \u00e9motions.<br><br>Parce qu\u2019ils tiennent un r\u00f4le particulier dans cette c\u00e9r\u00e9monie, il est important qu\u2019ils soient pr\u00e9sent\u00e9s comme il se doit.<br><br>Vous avez \u00e9t\u00e9 choisis pour marcher aux c\u00f4t\u00e9s de [MME] et [MR] dans ce moment fondateur. <br>Vous avez accept\u00e9 cette responsabilit\u00e9 : celle d\u2019\u00eatre pr\u00e9sents dans les instants de bonheur comme dans les p\u00e9riodes plus d\u00e9licates, d\u2019\u00e9couter, de soutenir, d\u2019encourager, et de rappeler, lorsque n\u00e9cessaire, la force de leur engagement.<br><br>Aujourd\u2019hui, vous \u00eates les t\u00e9moins de cette union devant leurs proches. Soyez fiers de cette place, honor\u00e9s de cette confiance, et portez-la avec bienveillance et loyaut\u00e9.<\/td><\/tr><tr><td><\/td><\/tr><tr><td><strong>Exemple de texte pour introduire les intervenants :<\/strong><\/td><\/tr><tr><td>Avant de laisser place aux diff\u00e9rents t\u00e9moignages, il est important de se rappeler que prendre la parole devant une assembl\u00e9e est un acte courageux. <br>Exprimer ses sentiments, partager un souvenir ou offrir un message d\u2019amour demande du c\u0153ur, de la sinc\u00e9rit\u00e9 et parfois un peu d\u2019audace.<br>C\u2019est pourquoi l\u2019assembl\u00e9e est invit\u00e9e \u00e0 encourager chaque intervenant, par un chaleureux applaudissement lors de l\u2019annonce de son pr\u00e9nom, puis \u00e0 nouveau \u00e0 la fin de son intervention. <br>Ce soutien cr\u00e9e un cadre bienveillant, propice \u00e0 l\u2019\u00e9motion et au partage.<br>Les personnes qui vont s\u2019exprimer aujourd\u2019hui ont accept\u00e9 d\u2019offrir un morceau d\u2019elles-m\u00eames, un fragment de leur histoire avec [MME] et [MR]. Accueillons leurs mots avec respect, douceur et gratitude.<\/td><\/tr><\/tbody><\/table><\/figure>\n\n\n\n<p><\/p>\n\n\n\n<p><\/p>\n\n\n\n<p><br><br><br><\/p>\n","protected":false},"excerpt":{"rendered":"<p>Dans une c\u00e9r\u00e9monie la\u00efque, la pr\u00e9sentation des t\u00e9moins et des [&hellip;]<\/p>\n","protected":false},"author":1,"featured_media":0,"parent":0,"menu_order":0,"comment_status":"closed","ping_status":"closed","template":"","meta":{"footnotes":""},"class_list":["post-4116","page","type-page","status-publish","hentry"],"acf":[],"yoast_head":"<!-- This site is optimized with the Yoast SEO plugin v27.4 - https:\/\/yoast.com\/product\/yoast-seo-wordpress\/ -->\n<title>\ud83c\udf3f Pr\u00e9sentation des t\u00e9moins et des intervenants en c\u00e9r\u00e9monie la\u00efque - Imagine Concept Sonorisation - Mariages, S\u00e9minaires, Anniversaires, Animations<\/title>\n<meta name=\"description\" content=\"D\u00e9couvrez comment pr\u00e9senter t\u00e9moins et intervenants lors d\u2019une c\u00e9r\u00e9monie la\u00efque avec bienveillance, respect et harmonie, pour valoriser leur r\u00f4le aupr\u00e8s des mari\u00e9s.\" \/>\n<meta name=\"robots\" content=\"index, follow, max-snippet:-1, max-image-preview:large, max-video-preview:-1\" \/>\n<link rel=\"canonical\" href=\"https:\/\/imagineconcept.fr\/w2024\/\ud83c\udf3f-presentation-des-temoins-et-des-intervenants-en-ceremonie-laique\/\" \/>\n<meta property=\"og:locale\" content=\"fr_FR\" \/>\n<meta property=\"og:type\" content=\"article\" \/>\n<meta property=\"og:title\" content=\"\ud83c\udf3f Pr\u00e9sentation des t\u00e9moins et des intervenants en c\u00e9r\u00e9monie la\u00efque - Imagine Concept Sonorisation - Mariages, S\u00e9minaires, Anniversaires, Animations\" \/>\n<meta property=\"og:description\" content=\"D\u00e9couvrez comment pr\u00e9senter t\u00e9moins et intervenants lors d\u2019une c\u00e9r\u00e9monie la\u00efque avec bienveillance, respect et harmonie, pour valoriser leur r\u00f4le aupr\u00e8s des mari\u00e9s.\" \/>\n<meta property=\"og:url\" content=\"https:\/\/imagineconcept.fr\/w2024\/\ud83c\udf3f-presentation-des-temoins-et-des-intervenants-en-ceremonie-laique\/\" \/>\n<meta property=\"og:site_name\" content=\"Imagine Concept Sonorisation - Mariages, S\u00e9minaires, Anniversaires, Animations\" \/>\n<meta property=\"article:modified_time\" content=\"2026-05-11T20:03:06+00:00\" \/>\n<meta name=\"twitter:card\" content=\"summary_large_image\" \/>\n<meta name=\"twitter:label1\" content=\"Est. reading time\" \/>\n\t<meta name=\"twitter:data1\" content=\"2 minutes\" \/>\n<script type=\"application\/ld+json\" class=\"yoast-schema-graph\">{\"@context\":\"https:\\\/\\\/schema.org\",\"@graph\":[{\"@type\":\"WebPage\",\"@id\":\"https:\\\/\\\/imagineconcept.fr\\\/w2024\\\/%f0%9f%8c%bf-presentation-des-temoins-et-des-intervenants-en-ceremonie-laique\\\/\",\"url\":\"https:\\\/\\\/imagineconcept.fr\\\/w2024\\\/%f0%9f%8c%bf-presentation-des-temoins-et-des-intervenants-en-ceremonie-laique\\\/\",\"name\":\"\ud83c\udf3f Pr\u00e9sentation des t\u00e9moins et des intervenants en c\u00e9r\u00e9monie la\u00efque - Imagine Concept Sonorisation - Mariages, S\u00e9minaires, Anniversaires, Animations\",\"isPartOf\":{\"@id\":\"https:\\\/\\\/imagineconcept.fr\\\/w2024\\\/#website\"},\"datePublished\":\"2026-05-10T14:02:58+00:00\",\"dateModified\":\"2026-05-11T20:03:06+00:00\",\"description\":\"D\u00e9couvrez comment pr\u00e9senter t\u00e9moins et intervenants lors d\u2019une c\u00e9r\u00e9monie la\u00efque avec bienveillance, respect et harmonie, pour valoriser leur r\u00f4le aupr\u00e8s des mari\u00e9s.\",\"breadcrumb\":{\"@id\":\"https:\\\/\\\/imagineconcept.fr\\\/w2024\\\/%f0%9f%8c%bf-presentation-des-temoins-et-des-intervenants-en-ceremonie-laique\\\/#breadcrumb\"},\"inLanguage\":\"fr-FR\",\"potentialAction\":[{\"@type\":\"ReadAction\",\"target\":[\"https:\\\/\\\/imagineconcept.fr\\\/w2024\\\/%f0%9f%8c%bf-presentation-des-temoins-et-des-intervenants-en-ceremonie-laique\\\/\"]}]},{\"@type\":\"BreadcrumbList\",\"@id\":\"https:\\\/\\\/imagineconcept.fr\\\/w2024\\\/%f0%9f%8c%bf-presentation-des-temoins-et-des-intervenants-en-ceremonie-laique\\\/#breadcrumb\",\"itemListElement\":[{\"@type\":\"ListItem\",\"position\":1,\"name\":\"Home\",\"item\":\"https:\\\/\\\/imagineconcept.fr\\\/w2024\\\/\"},{\"@type\":\"ListItem\",\"position\":2,\"name\":\"\ud83c\udf3f Pr\u00e9sentation des t\u00e9moins et des intervenants en c\u00e9r\u00e9monie la\u00efque\"}]},{\"@type\":\"WebSite\",\"@id\":\"https:\\\/\\\/imagineconcept.fr\\\/w2024\\\/#website\",\"url\":\"https:\\\/\\\/imagineconcept.fr\\\/w2024\\\/\",\"name\":\"Imagine Concept Sonorisation - Mariages, S\u00e9minaires, Anniversaires, Animations\",\"description\":\"Embellisseur de votre \u00e9v\u00e8nement festif\",\"potentialAction\":[{\"@type\":\"SearchAction\",\"target\":{\"@type\":\"EntryPoint\",\"urlTemplate\":\"https:\\\/\\\/imagineconcept.fr\\\/w2024\\\/?s={search_term_string}\"},\"query-input\":{\"@type\":\"PropertyValueSpecification\",\"valueRequired\":true,\"valueName\":\"search_term_string\"}}],\"inLanguage\":\"fr-FR\"}]}<\/script>\n<!-- \/ Yoast SEO plugin. -->","yoast_head_json":{"title":"\ud83c\udf3f Pr\u00e9sentation des t\u00e9moins et des intervenants en c\u00e9r\u00e9monie la\u00efque - Imagine Concept Sonorisation - Mariages, S\u00e9minaires, Anniversaires, Animations","description":"D\u00e9couvrez comment pr\u00e9senter t\u00e9moins et intervenants lors d\u2019une c\u00e9r\u00e9monie la\u00efque avec bienveillance, respect et harmonie, pour valoriser leur r\u00f4le aupr\u00e8s des mari\u00e9s.","robots":{"index":"index","follow":"follow","max-snippet":"max-snippet:-1","max-image-preview":"max-image-preview:large","max-video-preview":"max-video-preview:-1"},"canonical":"https:\/\/imagineconcept.fr\/w2024\/\ud83c\udf3f-presentation-des-temoins-et-des-intervenants-en-ceremonie-laique\/","og_locale":"fr_FR","og_type":"article","og_title":"\ud83c\udf3f Pr\u00e9sentation des t\u00e9moins et des intervenants en c\u00e9r\u00e9monie la\u00efque - Imagine Concept Sonorisation - Mariages, S\u00e9minaires, Anniversaires, Animations","og_description":"D\u00e9couvrez comment pr\u00e9senter t\u00e9moins et intervenants lors d\u2019une c\u00e9r\u00e9monie la\u00efque avec bienveillance, respect et harmonie, pour valoriser leur r\u00f4le aupr\u00e8s des mari\u00e9s.","og_url":"https:\/\/imagineconcept.fr\/w2024\/\ud83c\udf3f-presentation-des-temoins-et-des-intervenants-en-ceremonie-laique\/","og_site_name":"Imagine Concept Sonorisation - Mariages, S\u00e9minaires, Anniversaires, Animations","article_modified_time":"2026-05-11T20:03:06+00:00","twitter_card":"summary_large_image","twitter_misc":{"Est. reading time":"2 minutes"},"schema":{"@context":"https:\/\/schema.org","@graph":[{"@type":"WebPage","@id":"https:\/\/imagineconcept.fr\/w2024\/%f0%9f%8c%bf-presentation-des-temoins-et-des-intervenants-en-ceremonie-laique\/","url":"https:\/\/imagineconcept.fr\/w2024\/%f0%9f%8c%bf-presentation-des-temoins-et-des-intervenants-en-ceremonie-laique\/","name":"\ud83c\udf3f Pr\u00e9sentation des t\u00e9moins et des intervenants en c\u00e9r\u00e9monie la\u00efque - Imagine Concept Sonorisation - Mariages, S\u00e9minaires, Anniversaires, Animations","isPartOf":{"@id":"https:\/\/imagineconcept.fr\/w2024\/#website"},"datePublished":"2026-05-10T14:02:58+00:00","dateModified":"2026-05-11T20:03:06+00:00","description":"D\u00e9couvrez comment pr\u00e9senter t\u00e9moins et intervenants lors d\u2019une c\u00e9r\u00e9monie la\u00efque avec bienveillance, respect et harmonie, pour valoriser leur r\u00f4le aupr\u00e8s des mari\u00e9s.","breadcrumb":{"@id":"https:\/\/imagineconcept.fr\/w2024\/%f0%9f%8c%bf-presentation-des-temoins-et-des-intervenants-en-ceremonie-laique\/#breadcrumb"},"inLanguage":"fr-FR","potentialAction":[{"@type":"ReadAction","target":["https:\/\/imagineconcept.fr\/w2024\/%f0%9f%8c%bf-presentation-des-temoins-et-des-intervenants-en-ceremonie-laique\/"]}]},{"@type":"BreadcrumbList","@id":"https:\/\/imagineconcept.fr\/w2024\/%f0%9f%8c%bf-presentation-des-temoins-et-des-intervenants-en-ceremonie-laique\/#breadcrumb","itemListElement":[{"@type":"ListItem","position":1,"name":"Home","item":"https:\/\/imagineconcept.fr\/w2024\/"},{"@type":"ListItem","position":2,"name":"\ud83c\udf3f Pr\u00e9sentation des t\u00e9moins et des intervenants en c\u00e9r\u00e9monie la\u00efque"}]},{"@type":"WebSite","@id":"https:\/\/imagineconcept.fr\/w2024\/#website","url":"https:\/\/imagineconcept.fr\/w2024\/","name":"Imagine Concept Sonorisation - Mariages, S\u00e9minaires, Anniversaires, Animations","description":"Embellisseur de votre \u00e9v\u00e8nement festif","potentialAction":[{"@type":"SearchAction","target":{"@type":"EntryPoint","urlTemplate":"https:\/\/imagineconcept.fr\/w2024\/?s={search_term_string}"},"query-input":{"@type":"PropertyValueSpecification","valueRequired":true,"valueName":"search_term_string"}}],"inLanguage":"fr-FR"}]}},"_links":{"self":[{"href":"https:\/\/imagineconcept.fr\/w2024\/wp-json\/wp\/v2\/pages\/4116","targetHints":{"allow":["GET"]}}],"collection":[{"href":"https:\/\/imagineconcept.fr\/w2024\/wp-json\/wp\/v2\/pages"}],"about":[{"href":"https:\/\/imagineconcept.fr\/w2024\/wp-json\/wp\/v2\/types\/page"}],"author":[{"embeddable":true,"href":"https:\/\/imagineconcept.fr\/w2024\/wp-json\/wp\/v2\/users\/1"}],"replies":[{"embeddable":true,"href":"https:\/\/imagineconcept.fr\/w2024\/wp-json\/wp\/v2\/comments?post=4116"}],"version-history":[{"count":5,"href":"https:\/\/imagineconcept.fr\/w2024\/wp-json\/wp\/v2\/pages\/4116\/revisions"}],"predecessor-version":[{"id":4124,"href":"https:\/\/imagineconcept.fr\/w2024\/wp-json\/wp\/v2\/pages\/4116\/revisions\/4124"}],"wp:attachment":[{"href":"https:\/\/imagineconcept.fr\/w2024\/wp-json\/wp\/v2\/media?parent=4116"}],"curies":[{"name":"wp","href":"https:\/\/api.w.org\/{rel}","templated":true}]}}